{"id":1359,"date":"2025-03-19T12:17:21","date_gmt":"2025-03-19T12:17:21","guid":{"rendered":"https:\/\/willyswimteam.com\/?page_id=1359"},"modified":"2025-03-29T07:04:33","modified_gmt":"2025-03-29T07:04:33","slug":"koszono-oldal","status":"publish","type":"page","link":"https:\/\/willyswimteam.com\/hu\/koszono-oldal\/","title":{"rendered":"K\u00f6sz\u00f6n\u0151 oldal"},"content":{"rendered":"<div data-elementor-type=\"wp-page\" data-elementor-id=\"1359\" class=\"elementor elementor-1359\" data-elementor-post-type=\"page\">\n\t\t\t\t<div class=\"elementor-element elementor-element-7218531 e-flex e-con-boxed e-con e-parent\" data-id=\"7218531\" data-element_type=\"container\" data-e-type=\"container\">\n\t\t\t\t\t<div class=\"e-con-inner\">\n\t\t\t\t<div class=\"elementor-element elementor-element-90126b3 elementor-widget elementor-widget-heading\" data-id=\"90126b3\" data-element_type=\"widget\" data-e-type=\"widget\" data-widget_type=\"heading.default\">\n\t\t\t\t<div class=\"elementor-widget-container\">\n\t\t\t\t\t<h2 class=\"elementor-heading-title elementor-size-default\">K\u00f6sz\u00f6nj\u00fck a jelenzkez\u00e9sed!<\/h2>\t\t\t\t<\/div>\n\t\t\t\t<\/div>\n\t\t\t\t<div class=\"elementor-element elementor-element-73ccfed elementor-widget elementor-widget-text-editor\" data-id=\"73ccfed\" data-element_type=\"widget\" data-e-type=\"widget\" data-widget_type=\"text-editor.default\">\n\t\t\t\t<div class=\"elementor-widget-container\">\n\t\t\t\t\t\t\t\t\t<p>Nyisd meg az email fi\u00f3kod, minden fontos inform\u00e1ci\u00f3t elk\u00fcldt\u00fcnk<\/p>\t\t\t\t\t\t\t\t<\/div>\n\t\t\t\t<\/div>\n\t\t\t\t\t<\/div>\n\t\t\t\t<\/div>\n\t\t\t\t<\/div>","protected":false},"excerpt":{"rendered":"<p>K\u00f6sz\u00f6nj\u00fck a jelenzkez\u00e9sed! Nyisd meg az email fi\u00f3kod, minden fontos inform\u00e1ci\u00f3t elk\u00fcldt\u00fcnk<\/p>","protected":false},"author":1,"featured_media":0,"parent":0,"menu_order":0,"comment_status":"closed","ping_status":"closed","template":"","meta":{"site-sidebar-layout":"no-sidebar","site-content-layout":"page-builder","ast-site-content-layout":"full-width-container","site-content-style":"default","site-sidebar-style":"default","ast-global-header-display":"","ast-banner-title-visibility":"","ast-main-header-display":"","ast-hfb-above-header-display":"","ast-hfb-below-header-display":"","ast-hfb-mobile-header-display":"","site-post-title":"disabled","ast-breadcrumbs-content":"","ast-featured-img":"disabled","footer-sml-layout":"","ast-disable-related-posts":"","theme-transparent-header-meta":"default","adv-header-id-meta":"","stick-header-meta":"","header-above-stick-meta":"","header-main-stick-meta":"","header-below-stick-meta":"","astra-migrate-meta-layouts":"set","ast-page-background-enabled":"default","ast-page-background-meta":{"desktop":{"background-color":"","background-image":"","background-repeat":"repeat","background-position":"center center","background-size":"auto","background-attachment":"scroll","background-type":"","background-media":"","overlay-type":"","overlay-color":"","overlay-opacity":"","overlay-gradient":""},"tablet":{"background-color":"","background-image":"","background-repeat":"repeat","background-position":"center center","background-size":"auto","background-attachment":"scroll","background-type":"","background-media":"","overlay-type":"","overlay-color":"","overlay-opacity":"","overlay-gradient":""},"mobile":{"background-color":"","background-image":"","background-repeat":"repeat","background-position":"center center","background-size":"auto","background-attachment":"scroll","background-type":"","background-media":"","overlay-type":"","overlay-color":"","overlay-opacity":"","overlay-gradient":""}},"ast-content-background-meta":{"desktop":{"background-color":"var(--ast-global-color-5)","background-image":"","background-repeat":"repeat","background-position":"center center","background-size":"auto","background-attachment":"scroll","background-type":"","background-media":"","overlay-type":"","overlay-color":"","overlay-opacity":"","overlay-gradient":""},"tablet":{"background-color":"var(--ast-global-color-5)","background-image":"","background-repeat":"repeat","background-position":"center center","background-size":"auto","background-attachment":"scroll","background-type":"","background-media":"","overlay-type":"","overlay-color":"","overlay-opacity":"","overlay-gradient":""},"mobile":{"background-color":"var(--ast-global-color-5)","background-image":"","background-repeat":"repeat","background-position":"center center","background-size":"auto","background-attachment":"scroll","background-type":"","background-media":"","overlay-type":"","overlay-color":"","overlay-opacity":"","overlay-gradient":""}},"footnotes":""},"class_list":["post-1359","page","type-page","status-publish","hentry"],"yoast_head":"<!-- This site is optimized with the Yoast SEO Premium plugin v27.4 (Yoast SEO v27.4) - https:\/\/yoast.com\/product\/yoast-seo-premium-wordpress\/ -->\n<title>K\u00f6sz\u00f6n\u0151 oldal - Pyrography<\/title>\n<meta name=\"robots\" content=\"index, follow, max-snippet:-1, max-image-preview:large, max-video-preview:-1\" \/>\n<link rel=\"canonical\" href=\"https:\/\/willyswimteam.com\/hu\/koszono-oldal\/\" \/>\n<meta property=\"og:locale\" content=\"hu_HU\" \/>\n<meta property=\"og:type\" content=\"article\" \/>\n<meta property=\"og:title\" content=\"K\u00f6sz\u00f6n\u0151 oldal\" \/>\n<meta property=\"og:description\" content=\"K\u00f6sz\u00f6nj\u00fck a jelenzkez\u00e9sed! Nyisd meg az email fi\u00f3kod, minden fontos inform\u00e1ci\u00f3t elk\u00fcldt\u00fcnk\" \/>\n<meta property=\"og:url\" content=\"https:\/\/willyswimteam.com\/hu\/koszono-oldal\/\" \/>\n<meta property=\"og:site_name\" content=\"Pyrography\" \/>\n<meta property=\"article:modified_time\" content=\"2025-03-29T07:04:33+00:00\" \/>\n<meta name=\"twitter:card\" content=\"summary_large_image\" \/>\n<script type=\"application\/ld+json\" class=\"yoast-schema-graph\">{\"@context\":\"https:\\\/\\\/schema.org\",\"@graph\":[{\"@type\":\"WebPage\",\"@id\":\"https:\\\/\\\/willyswimteam.com\\\/koszono-oldal\\\/\",\"url\":\"https:\\\/\\\/willyswimteam.com\\\/koszono-oldal\\\/\",\"name\":\"K\u00f6sz\u00f6n\u0151 oldal - Pyrography\",\"isPartOf\":{\"@id\":\"https:\\\/\\\/willyswimteam.com\\\/#website\"},\"datePublished\":\"2025-03-19T12:17:21+00:00\",\"dateModified\":\"2025-03-29T07:04:33+00:00\",\"breadcrumb\":{\"@id\":\"https:\\\/\\\/willyswimteam.com\\\/koszono-oldal\\\/#breadcrumb\"},\"inLanguage\":\"hu\",\"potentialAction\":[{\"@type\":\"ReadAction\",\"target\":[\"https:\\\/\\\/willyswimteam.com\\\/koszono-oldal\\\/\"]}]},{\"@type\":\"BreadcrumbList\",\"@id\":\"https:\\\/\\\/willyswimteam.com\\\/koszono-oldal\\\/#breadcrumb\",\"itemListElement\":[{\"@type\":\"ListItem\",\"position\":1,\"name\":\"Kezd\u0151lap\",\"item\":\"https:\\\/\\\/willyswimteam.com\\\/\"},{\"@type\":\"ListItem\",\"position\":2,\"name\":\"K\u00f6sz\u00f6n\u0151 oldal\"}]},{\"@type\":\"WebSite\",\"@id\":\"https:\\\/\\\/willyswimteam.com\\\/#website\",\"url\":\"https:\\\/\\\/willyswimteam.com\\\/\",\"name\":\"Pyrography\",\"description\":\"K\u00e9zzel \u00e9getett k\u00e9pek, ahol a t\u0171z form\u00e1t ad az egyedis\u00e9gnek.\",\"potentialAction\":[{\"@type\":\"SearchAction\",\"target\":{\"@type\":\"EntryPoint\",\"urlTemplate\":\"https:\\\/\\\/willyswimteam.com\\\/?s={search_term_string}\"},\"query-input\":{\"@type\":\"PropertyValueSpecification\",\"valueRequired\":true,\"valueName\":\"search_term_string\"}}],\"inLanguage\":\"hu\"}]}<\/script>\n<!-- \/ Yoast SEO Premium plugin. -->","yoast_head_json":{"title":"K\u00f6sz\u00f6n\u0151 oldal - Pirogr\u00e1fia","robots":{"index":"index","follow":"follow","max-snippet":"max-snippet:-1","max-image-preview":"max-image-preview:large","max-video-preview":"max-video-preview:-1"},"canonical":"https:\/\/willyswimteam.com\/hu\/koszono-oldal\/","og_locale":"hu_HU","og_type":"article","og_title":"K\u00f6sz\u00f6n\u0151 oldal","og_description":"K\u00f6sz\u00f6nj\u00fck a jelenzkez\u00e9sed! Nyisd meg az email fi\u00f3kod, minden fontos inform\u00e1ci\u00f3t elk\u00fcldt\u00fcnk","og_url":"https:\/\/willyswimteam.com\/hu\/koszono-oldal\/","og_site_name":"Pyrography","article_modified_time":"2025-03-29T07:04:33+00:00","twitter_card":"summary_large_image","schema":{"@context":"https:\/\/schema.org","@graph":[{"@type":"WebPage","@id":"https:\/\/willyswimteam.com\/koszono-oldal\/","url":"https:\/\/willyswimteam.com\/koszono-oldal\/","name":"K\u00f6sz\u00f6n\u0151 oldal - Pirogr\u00e1fia","isPartOf":{"@id":"https:\/\/willyswimteam.com\/#website"},"datePublished":"2025-03-19T12:17:21+00:00","dateModified":"2025-03-29T07:04:33+00:00","breadcrumb":{"@id":"https:\/\/willyswimteam.com\/koszono-oldal\/#breadcrumb"},"inLanguage":"hu","potentialAction":[{"@type":"ReadAction","target":["https:\/\/willyswimteam.com\/koszono-oldal\/"]}]},{"@type":"BreadcrumbList","@id":"https:\/\/willyswimteam.com\/koszono-oldal\/#breadcrumb","itemListElement":[{"@type":"ListItem","position":1,"name":"Kezd\u0151lap","item":"https:\/\/willyswimteam.com\/"},{"@type":"ListItem","position":2,"name":"K\u00f6sz\u00f6n\u0151 oldal"}]},{"@type":"WebSite","@id":"https:\/\/willyswimteam.com\/#website","url":"https:\/\/willyswimteam.com\/","name":"Pirogr\u00e1fia","description":"K\u00e9zzel \u00e9getett k\u00e9pek, ahol a t\u0171z form\u00e1t ad az egyedis\u00e9gnek.","potentialAction":[{"@type":"SearchAction","target":{"@type":"EntryPoint","urlTemplate":"https:\/\/willyswimteam.com\/?s={search_term_string}"},"query-input":{"@type":"PropertyValueSpecification","valueRequired":true,"valueName":"search_term_string"}}],"inLanguage":"hu"}]}},"_links":{"self":[{"href":"https:\/\/willyswimteam.com\/hu\/wp-json\/wp\/v2\/pages\/1359","targetHints":{"allow":["GET"]}}],"collection":[{"href":"https:\/\/willyswimteam.com\/hu\/wp-json\/wp\/v2\/pages"}],"about":[{"href":"https:\/\/willyswimteam.com\/hu\/wp-json\/wp\/v2\/types\/page"}],"author":[{"embeddable":true,"href":"https:\/\/willyswimteam.com\/hu\/wp-json\/wp\/v2\/users\/1"}],"replies":[{"embeddable":true,"href":"https:\/\/willyswimteam.com\/hu\/wp-json\/wp\/v2\/comments?post=1359"}],"version-history":[{"count":11,"href":"https:\/\/willyswimteam.com\/hu\/wp-json\/wp\/v2\/pages\/1359\/revisions"}],"predecessor-version":[{"id":1666,"href":"https:\/\/willyswimteam.com\/hu\/wp-json\/wp\/v2\/pages\/1359\/revisions\/1666"}],"wp:attachment":[{"href":"https:\/\/willyswimteam.com\/hu\/wp-json\/wp\/v2\/media?parent=1359"}],"curies":[{"name":"wp","href":"https:\/\/api.w.org\/{rel}","templated":true}]}}