{"id":1395,"date":"2025-03-20T11:02:18","date_gmt":"2025-03-20T11:02:18","guid":{"rendered":"https:\/\/willyswimteam.com\/?page_id=1395"},"modified":"2025-10-19T11:46:53","modified_gmt":"2025-10-19T10:46:53","slug":"rolunk","status":"publish","type":"page","link":"https:\/\/willyswimteam.com\/hu\/rolunk\/","title":{"rendered":"Kezd\u0151oldal"},"content":{"rendered":"<div data-elementor-type=\"wp-page\" data-elementor-id=\"1395\" class=\"elementor elementor-1395\" data-elementor-post-type=\"page\">\n\t\t\t\t<div class=\"elementor-element elementor-element-6a06e953 e-con-full e-flex e-con e-parent\" data-id=\"6a06e953\" data-element_type=\"container\" data-settings=\"{&quot;background_background&quot;:&quot;classic&quot;}\">\n\t\t\t\t<div class=\"elementor-element elementor-element-3d7c369d elementor-widget__width-initial elementor-widget-mobile__width-inherit elementor-widget elementor-widget-image-box\" data-id=\"3d7c369d\" data-element_type=\"widget\" data-widget_type=\"image-box.default\">\n\t\t\t\t<div class=\"elementor-widget-container\">\n\t\t\t\t\t<div class=\"elementor-image-box-wrapper\"><div class=\"elementor-image-box-content\"><h3 class=\"elementor-image-box-title\">r\u00f3lunk<br><\/h3><p class=\"elementor-image-box-description\">A szerelem n\u00e9ha nem m\u00falik el, csak elcsendesedik.<br>\nM\u00e1r nem fogj\u00e1tok egym\u00e1s kez\u00e9t,<br>de a sz\u00edvetek m\u00e9ly\u00e9n ott marad a m\u00e1sik.<br><br>Figyeled messzir\u0151l, hogy boldog-e, <br>\u00e9s b\u00e1r f\u00e1j, hogy m\u00e1r nem veled,<br>m\u00e9gis \u0151szint\u00e9n k\u00edv\u00e1nod neki a j\u00f3t.<br><br>Mert az igazi szeretet nem birtokol.<br><br>Csak rem\u00e9l, hogy ha az \u00e9let \u00fagy van<br>akarja, egyszer m\u00e9g egym\u00e1s fel\u00e9<br>vezeti a lelketeket.\n<\/p><\/div><\/div>\t\t\t\t<\/div>\n\t\t\t\t<\/div>\n\t\t\t\t<\/div>\n\t\t\t\t<\/div>","protected":false},"excerpt":{"rendered":"<p>r\u00f3lunk A szerelem n\u00e9ha nem m\u00falik el, csak elcsendesedik. M\u00e1r nem fogj\u00e1tok egym\u00e1s kez\u00e9t,de a sz\u00edvetek m\u00e9ly\u00e9n ott marad a m\u00e1sik. Figyeled messzir\u0151l, hogy boldog-e, \u00e9s b\u00e1r f\u00e1j, hogy m\u00e1r nem veled,m\u00e9gis \u0151szint\u00e9n k\u00edv\u00e1nod neki a j\u00f3t. Mert az igazi szeretet nem birtokol. Csak rem\u00e9l, hogy ha az \u00e9let is \u00fagyakarja, egyszer m\u00e9g egym\u00e1s fel\u00e9vezeti [&hellip;]<\/p>","protected":false},"author":1,"featured_media":0,"parent":0,"menu_order":0,"comment_status":"closed","ping_status":"closed","template":"elementor_header_footer","meta":{"site-sidebar-layout":"no-sidebar","site-content-layout":"page-builder","ast-site-content-layout":"full-width-container","site-content-style":"default","site-sidebar-style":"default","ast-global-header-display":"","ast-banner-title-visibility":"","ast-main-header-display":"","ast-hfb-above-header-display":"","ast-hfb-below-header-display":"","ast-hfb-mobile-header-display":"","site-post-title":"disabled","ast-breadcrumbs-content":"","ast-featured-img":"disabled","footer-sml-layout":"","theme-transparent-header-meta":"default","adv-header-id-meta":"","stick-header-meta":"","header-above-stick-meta":"","header-main-stick-meta":"","header-below-stick-meta":"","astra-migrate-meta-layouts":"set","ast-page-background-enabled":"default","ast-page-background-meta":{"desktop":{"background-color":"","background-image":"","background-repeat":"repeat","background-position":"center center","background-size":"auto","background-attachment":"scroll","background-type":"","background-media":"","overlay-type":"","overlay-color":"","overlay-opacity":"","overlay-gradient":""},"tablet":{"background-color":"","background-image":"","background-repeat":"repeat","background-position":"center center","background-size":"auto","background-attachment":"scroll","background-type":"","background-media":"","overlay-type":"","overlay-color":"","overlay-opacity":"","overlay-gradient":""},"mobile":{"background-color":"","background-image":"","background-repeat":"repeat","background-position":"center center","background-size":"auto","background-attachment":"scroll","background-type":"","background-media":"","overlay-type":"","overlay-color":"","overlay-opacity":"","overlay-gradient":""}},"ast-content-background-meta":{"desktop":{"background-color":"var(--ast-global-color-5)","background-image":"","background-repeat":"repeat","background-position":"center center","background-size":"auto","background-attachment":"scroll","background-type":"","background-media":"","overlay-type":"","overlay-color":"","overlay-opacity":"","overlay-gradient":""},"tablet":{"background-color":"var(--ast-global-color-5)","background-image":"","background-repeat":"repeat","background-position":"center center","background-size":"auto","background-attachment":"scroll","background-type":"","background-media":"","overlay-type":"","overlay-color":"","overlay-opacity":"","overlay-gradient":""},"mobile":{"background-color":"var(--ast-global-color-5)","background-image":"","background-repeat":"repeat","background-position":"center center","background-size":"auto","background-attachment":"scroll","background-type":"","background-media":"","overlay-type":"","overlay-color":"","overlay-opacity":"","overlay-gradient":""}},"footnotes":""},"class_list":["post-1395","page","type-page","status-publish","hentry"],"yoast_head":"<!-- This site is optimized with the Yoast SEO Premium plugin v26.2 (Yoast SEO v26.3) - https:\/\/yoast.com\/wordpress\/plugins\/seo\/ -->\n<title>R\u00f3lunk - Pyrography<\/title>\n<meta name=\"robots\" content=\"index, follow, max-snippet:-1, max-image-preview:large, max-video-preview:-1\" \/>\n<link rel=\"canonical\" href=\"https:\/\/willyswimteam.com\/hu\/rolunk\/\" \/>\n<meta property=\"og:locale\" content=\"hu_HU\" \/>\n<meta property=\"og:type\" content=\"article\" \/>\n<meta property=\"og:title\" content=\"R\u00f3lunk\" \/>\n<meta property=\"og:description\" content=\"r\u00f3lunk A szerelem n\u00e9ha nem m\u00falik el, csak elcsendesedik. M\u00e1r nem fogj\u00e1tok egym\u00e1s kez\u00e9t,de a sz\u00edvetek m\u00e9ly\u00e9n ott marad a m\u00e1sik. Figyeled messzir\u0151l, hogy boldog-e, \u00e9s b\u00e1r f\u00e1j, hogy m\u00e1r nem veled,m\u00e9gis \u0151szint\u00e9n k\u00edv\u00e1nod neki a j\u00f3t. Mert az igazi szeretet nem birtokol. Csak rem\u00e9l, hogy ha az \u00e9let is \u00fagyakarja, egyszer m\u00e9g egym\u00e1s fel\u00e9vezeti [&hellip;]\" \/>\n<meta property=\"og:url\" content=\"https:\/\/willyswimteam.com\/hu\/rolunk\/\" \/>\n<meta property=\"og:site_name\" content=\"Pyrography\" \/>\n<meta property=\"article:modified_time\" content=\"2025-10-19T10:46:53+00:00\" \/>\n<meta name=\"twitter:card\" content=\"summary_large_image\" \/>\n<script type=\"application\/ld+json\" class=\"yoast-schema-graph\">{\"@context\":\"https:\/\/schema.org\",\"@graph\":[{\"@type\":\"WebPage\",\"@id\":\"https:\/\/willyswimteam.com\/rolunk\/\",\"url\":\"https:\/\/willyswimteam.com\/rolunk\/\",\"name\":\"R\u00f3lunk - Pyrography\",\"isPartOf\":{\"@id\":\"https:\/\/willyswimteam.com\/#website\"},\"datePublished\":\"2025-03-20T11:02:18+00:00\",\"dateModified\":\"2025-10-19T10:46:53+00:00\",\"breadcrumb\":{\"@id\":\"https:\/\/willyswimteam.com\/rolunk\/#breadcrumb\"},\"inLanguage\":\"hu\",\"potentialAction\":[{\"@type\":\"ReadAction\",\"target\":[\"https:\/\/willyswimteam.com\/rolunk\/\"]}]},{\"@type\":\"BreadcrumbList\",\"@id\":\"https:\/\/willyswimteam.com\/rolunk\/#breadcrumb\",\"itemListElement\":[{\"@type\":\"ListItem\",\"position\":1,\"name\":\"Kezd\u0151lap\",\"item\":\"https:\/\/willyswimteam.com\/\"},{\"@type\":\"ListItem\",\"position\":2,\"name\":\"R\u00f3lunk\"}]},{\"@type\":\"WebSite\",\"@id\":\"https:\/\/willyswimteam.com\/#website\",\"url\":\"https:\/\/willyswimteam.com\/\",\"name\":\"Pyrography\",\"description\":\"K\u00e9zzel \u00e9getett k\u00e9pek, ahol a t\u0171z form\u00e1t ad az egyedis\u00e9gnek.\",\"potentialAction\":[{\"@type\":\"SearchAction\",\"target\":{\"@type\":\"EntryPoint\",\"urlTemplate\":\"https:\/\/willyswimteam.com\/?s={search_term_string}\"},\"query-input\":{\"@type\":\"PropertyValueSpecification\",\"valueRequired\":true,\"valueName\":\"search_term_string\"}}],\"inLanguage\":\"hu\"}]}<\/script>\n<!-- \/ Yoast SEO Premium plugin. -->","yoast_head_json":{"title":"R\u00f3lunk - Pirogr\u00e1fia","robots":{"index":"index","follow":"follow","max-snippet":"max-snippet:-1","max-image-preview":"max-image-preview:large","max-video-preview":"max-video-preview:-1"},"canonical":"https:\/\/willyswimteam.com\/hu\/rolunk\/","og_locale":"hu_HU","og_type":"article","og_title":"R\u00f3lunk","og_description":"r\u00f3lunk A szerelem n\u00e9ha nem m\u00falik el, csak elcsendesedik. M\u00e1r nem fogj\u00e1tok egym\u00e1s kez\u00e9t,de a sz\u00edvetek m\u00e9ly\u00e9n ott marad a m\u00e1sik. Figyeled messzir\u0151l, hogy boldog-e, \u00e9s b\u00e1r f\u00e1j, hogy m\u00e1r nem veled,m\u00e9gis \u0151szint\u00e9n k\u00edv\u00e1nod neki a j\u00f3t. Mert az igazi szeretet nem birtokol. Csak rem\u00e9l, hogy ha az \u00e9let is \u00fagyakarja, egyszer m\u00e9g egym\u00e1s fel\u00e9vezeti [&hellip;]","og_url":"https:\/\/willyswimteam.com\/hu\/rolunk\/","og_site_name":"Pyrography","article_modified_time":"2025-10-19T10:46:53+00:00","twitter_card":"summary_large_image","schema":{"@context":"https:\/\/schema.org","@graph":[{"@type":"WebPage","@id":"https:\/\/willyswimteam.com\/rolunk\/","url":"https:\/\/willyswimteam.com\/rolunk\/","name":"R\u00f3lunk - Pirogr\u00e1fia","isPartOf":{"@id":"https:\/\/willyswimteam.com\/#website"},"datePublished":"2025-03-20T11:02:18+00:00","dateModified":"2025-10-19T10:46:53+00:00","breadcrumb":{"@id":"https:\/\/willyswimteam.com\/rolunk\/#breadcrumb"},"inLanguage":"hu","potentialAction":[{"@type":"ReadAction","target":["https:\/\/willyswimteam.com\/rolunk\/"]}]},{"@type":"BreadcrumbList","@id":"https:\/\/willyswimteam.com\/rolunk\/#breadcrumb","itemListElement":[{"@type":"ListItem","position":1,"name":"Kezd\u0151lap","item":"https:\/\/willyswimteam.com\/"},{"@type":"ListItem","position":2,"name":"R\u00f3lunk"}]},{"@type":"WebSite","@id":"https:\/\/willyswimteam.com\/#website","url":"https:\/\/willyswimteam.com\/","name":"Pirogr\u00e1fia","description":"K\u00e9zzel \u00e9getett k\u00e9pek, ahol a t\u0171z form\u00e1t ad az egyedis\u00e9gnek.","potentialAction":[{"@type":"SearchAction","target":{"@type":"EntryPoint","urlTemplate":"https:\/\/willyswimteam.com\/?s={search_term_string}"},"query-input":{"@type":"PropertyValueSpecification","valueRequired":true,"valueName":"search_term_string"}}],"inLanguage":"hu"}]}},"_links":{"self":[{"href":"https:\/\/willyswimteam.com\/hu\/wp-json\/wp\/v2\/pages\/1395","targetHints":{"allow":["GET"]}}],"collection":[{"href":"https:\/\/willyswimteam.com\/hu\/wp-json\/wp\/v2\/pages"}],"about":[{"href":"https:\/\/willyswimteam.com\/hu\/wp-json\/wp\/v2\/types\/page"}],"author":[{"embeddable":true,"href":"https:\/\/willyswimteam.com\/hu\/wp-json\/wp\/v2\/users\/1"}],"replies":[{"embeddable":true,"href":"https:\/\/willyswimteam.com\/hu\/wp-json\/wp\/v2\/comments?post=1395"}],"version-history":[{"count":28,"href":"https:\/\/willyswimteam.com\/hu\/wp-json\/wp\/v2\/pages\/1395\/revisions"}],"predecessor-version":[{"id":1845,"href":"https:\/\/willyswimteam.com\/hu\/wp-json\/wp\/v2\/pages\/1395\/revisions\/1845"}],"wp:attachment":[{"href":"https:\/\/willyswimteam.com\/hu\/wp-json\/wp\/v2\/media?parent=1395"}],"curies":[{"name":"wp","href":"https:\/\/api.w.org\/{rel}","templated":true}]}}