{"id":1672,"date":"2025-03-29T09:10:13","date_gmt":"2025-03-29T09:10:13","guid":{"rendered":"https:\/\/willyswimteam.com\/uzlet\/"},"modified":"2025-03-29T09:10:13","modified_gmt":"2025-03-29T09:10:13","slug":"uzlet","status":"publish","type":"page","link":"https:\/\/willyswimteam.com\/hu\/uzlet\/","title":{"rendered":"Bolt"},"content":{"rendered":"","protected":false},"excerpt":{"rendered":"","protected":false},"author":1,"featured_media":0,"parent":0,"menu_order":0,"comment_status":"closed","ping_status":"closed","template":"","meta":{"site-sidebar-layout":"default","site-content-layout":"","ast-site-content-layout":"","site-content-style":"default","site-sidebar-style":"default","ast-global-header-display":"","ast-banner-title-visibility":"","ast-main-header-display":"","ast-hfb-above-header-display":"","ast-hfb-below-header-display":"","ast-hfb-mobile-header-display":"","site-post-title":"","ast-breadcrumbs-content":"","ast-featured-img":"","footer-sml-layout":"","theme-transparent-header-meta":"","adv-header-id-meta":"","stick-header-meta":"","header-above-stick-meta":"","header-main-stick-meta":"","header-below-stick-meta":"","astra-migrate-meta-layouts":"default","ast-page-background-enabled":"default","ast-page-background-meta":{"desktop":{"background-color":"","background-image":"","background-repeat":"repeat","background-position":"center center","background-size":"auto","background-attachment":"scroll","background-type":"","background-media":"","overlay-type":"","overlay-color":"","overlay-opacity":"","overlay-gradient":""},"tablet":{"background-color":"","background-image":"","background-repeat":"repeat","background-position":"center center","background-size":"auto","background-attachment":"scroll","background-type":"","background-media":"","overlay-type":"","overlay-color":"","overlay-opacity":"","overlay-gradient":""},"mobile":{"background-color":"","background-image":"","background-repeat":"repeat","background-position":"center center","background-size":"auto","background-attachment":"scroll","background-type":"","background-media":"","overlay-type":"","overlay-color":"","overlay-opacity":"","overlay-gradient":""}},"ast-content-background-meta":{"desktop":{"background-color":"var(--ast-global-color-5)","background-image":"","background-repeat":"repeat","background-position":"center center","background-size":"auto","background-attachment":"scroll","background-type":"","background-media":"","overlay-type":"","overlay-color":"","overlay-opacity":"","overlay-gradient":""},"tablet":{"background-color":"var(--ast-global-color-5)","background-image":"","background-repeat":"repeat","background-position":"center center","background-size":"auto","background-attachment":"scroll","background-type":"","background-media":"","overlay-type":"","overlay-color":"","overlay-opacity":"","overlay-gradient":""},"mobile":{"background-color":"var(--ast-global-color-5)","background-image":"","background-repeat":"repeat","background-position":"center center","background-size":"auto","background-attachment":"scroll","background-type":"","background-media":"","overlay-type":"","overlay-color":"","overlay-opacity":"","overlay-gradient":""}},"footnotes":""},"class_list":["post-1672","page","type-page","status-publish","hentry"],"yoast_head":"<!-- This site is optimized with the Yoast SEO Premium plugin v26.2 (Yoast SEO v26.3) - https:\/\/yoast.com\/wordpress\/plugins\/seo\/ -->\n<title>Shop - Pyrography<\/title>\n<meta name=\"robots\" content=\"index, follow, max-snippet:-1, max-image-preview:large, max-video-preview:-1\" \/>\n<link rel=\"canonical\" href=\"https:\/\/willyswimteam.com\/hu\/uzlet\/\" \/>\n<meta property=\"og:locale\" content=\"hu_HU\" \/>\n<meta property=\"og:type\" content=\"article\" \/>\n<meta property=\"og:title\" content=\"Shop\" \/>\n<meta property=\"og:url\" content=\"https:\/\/willyswimteam.com\/hu\/uzlet\/\" \/>\n<meta property=\"og:site_name\" content=\"Pyrography\" \/>\n<meta name=\"twitter:card\" content=\"summary_large_image\" \/>\n<script type=\"application\/ld+json\" class=\"yoast-schema-graph\">{\"@context\":\"https:\/\/schema.org\",\"@graph\":[{\"@type\":\"WebPage\",\"@id\":\"https:\/\/willyswimteam.com\/uzlet\/\",\"url\":\"https:\/\/willyswimteam.com\/uzlet\/\",\"name\":\"Shop - Pyrography\",\"isPartOf\":{\"@id\":\"https:\/\/willyswimteam.com\/#website\"},\"datePublished\":\"2025-03-29T09:10:13+00:00\",\"breadcrumb\":{\"@id\":\"https:\/\/willyswimteam.com\/uzlet\/#breadcrumb\"},\"inLanguage\":\"hu\",\"potentialAction\":[{\"@type\":\"ReadAction\",\"target\":[\"https:\/\/willyswimteam.com\/uzlet\/\"]}]},{\"@type\":\"BreadcrumbList\",\"@id\":\"https:\/\/willyswimteam.com\/uzlet\/#breadcrumb\",\"itemListElement\":[{\"@type\":\"ListItem\",\"position\":1,\"name\":\"Kezd\u0151lap\",\"item\":\"https:\/\/willyswimteam.com\/\"},{\"@type\":\"ListItem\",\"position\":2,\"name\":\"Shop\"}]},{\"@type\":\"WebSite\",\"@id\":\"https:\/\/willyswimteam.com\/#website\",\"url\":\"https:\/\/willyswimteam.com\/\",\"name\":\"Pyrography\",\"description\":\"K\u00e9zzel \u00e9getett k\u00e9pek, ahol a t\u0171z form\u00e1t ad az egyedis\u00e9gnek.\",\"potentialAction\":[{\"@type\":\"SearchAction\",\"target\":{\"@type\":\"EntryPoint\",\"urlTemplate\":\"https:\/\/willyswimteam.com\/?s={search_term_string}\"},\"query-input\":{\"@type\":\"PropertyValueSpecification\",\"valueRequired\":true,\"valueName\":\"search_term_string\"}}],\"inLanguage\":\"hu\"}]}<\/script>\n<!-- \/ Yoast SEO Premium plugin. -->","yoast_head_json":{"title":"\u00dczlet - pirogr\u00e1fia","robots":{"index":"index","follow":"follow","max-snippet":"max-snippet:-1","max-image-preview":"max-image-preview:large","max-video-preview":"max-video-preview:-1"},"canonical":"https:\/\/willyswimteam.com\/hu\/uzlet\/","og_locale":"hu_HU","og_type":"article","og_title":"Shop","og_url":"https:\/\/willyswimteam.com\/hu\/uzlet\/","og_site_name":"Pyrography","twitter_card":"summary_large_image","schema":{"@context":"https:\/\/schema.org","@graph":[{"@type":"WebPage","@id":"https:\/\/willyswimteam.com\/uzlet\/","url":"https:\/\/willyswimteam.com\/uzlet\/","name":"\u00dczlet - pirogr\u00e1fia","isPartOf":{"@id":"https:\/\/willyswimteam.com\/#website"},"datePublished":"2025-03-29T09:10:13+00:00","breadcrumb":{"@id":"https:\/\/willyswimteam.com\/uzlet\/#breadcrumb"},"inLanguage":"hu","potentialAction":[{"@type":"ReadAction","target":["https:\/\/willyswimteam.com\/uzlet\/"]}]},{"@type":"BreadcrumbList","@id":"https:\/\/willyswimteam.com\/uzlet\/#breadcrumb","itemListElement":[{"@type":"ListItem","position":1,"name":"Kezd\u0151lap","item":"https:\/\/willyswimteam.com\/"},{"@type":"ListItem","position":2,"name":"Shop"}]},{"@type":"WebSite","@id":"https:\/\/willyswimteam.com\/#website","url":"https:\/\/willyswimteam.com\/","name":"Pirogr\u00e1fia","description":"K\u00e9zzel \u00e9getett k\u00e9pek, ahol a t\u0171z form\u00e1t ad az egyedis\u00e9gnek.","potentialAction":[{"@type":"SearchAction","target":{"@type":"EntryPoint","urlTemplate":"https:\/\/willyswimteam.com\/?s={search_term_string}"},"query-input":{"@type":"PropertyValueSpecification","valueRequired":true,"valueName":"search_term_string"}}],"inLanguage":"hu"}]}},"_links":{"self":[{"href":"https:\/\/willyswimteam.com\/hu\/wp-json\/wp\/v2\/pages\/1672","targetHints":{"allow":["GET"]}}],"collection":[{"href":"https:\/\/willyswimteam.com\/hu\/wp-json\/wp\/v2\/pages"}],"about":[{"href":"https:\/\/willyswimteam.com\/hu\/wp-json\/wp\/v2\/types\/page"}],"author":[{"embeddable":true,"href":"https:\/\/willyswimteam.com\/hu\/wp-json\/wp\/v2\/users\/1"}],"replies":[{"embeddable":true,"href":"https:\/\/willyswimteam.com\/hu\/wp-json\/wp\/v2\/comments?post=1672"}],"version-history":[{"count":0,"href":"https:\/\/willyswimteam.com\/hu\/wp-json\/wp\/v2\/pages\/1672\/revisions"}],"wp:attachment":[{"href":"https:\/\/willyswimteam.com\/hu\/wp-json\/wp\/v2\/media?parent=1672"}],"curies":[{"name":"wp","href":"https:\/\/api.w.org\/{rel}","templated":true}]}}