{"id":8,"date":"2025-03-24T13:42:56","date_gmt":"2025-03-24T13:42:56","guid":{"rendered":"https:\/\/willyswimteam.com\/landing-page\/"},"modified":"2025-10-19T12:14:17","modified_gmt":"2025-10-19T11:14:17","slug":"landing-page","status":"publish","type":"page","link":"https:\/\/willyswimteam.com\/hu\/","title":{"rendered":"Kezd\u0151lap"},"content":{"rendered":"<div data-elementor-type=\"wp-page\" data-elementor-id=\"8\" class=\"elementor elementor-8\" data-elementor-post-type=\"page\">\n\t\t\t\t<div class=\"elementor-element elementor-element-6d992cf e-flex e-con-boxed e-con e-parent\" data-id=\"6d992cf\" data-element_type=\"container\">\n\t\t\t\t\t<div class=\"e-con-inner\">\n\t\t\t\t<div class=\"elementor-element elementor-element-67c56e5 elementor-widget elementor-widget-heading\" data-id=\"67c56e5\" data-element_type=\"widget\" data-widget_type=\"heading.default\">\n\t\t\t\t<div class=\"elementor-widget-container\">\n\t\t\t\t\t<h2 class=\"elementor-heading-title elementor-size-default\">Amikor az \u00e9let \u00e1t\u00edrja a terveidet<\/h2>\t\t\t\t<\/div>\n\t\t\t\t<\/div>\n\t\t\t\t\t<\/div>\n\t\t\t\t<\/div>\n\t\t<div class=\"elementor-element elementor-element-320967c e-flex e-con-boxed e-con e-parent\" data-id=\"320967c\" data-element_type=\"container\">\n\t\t\t\t\t<div class=\"e-con-inner\">\n\t\t\t\t<div class=\"elementor-element elementor-element-1662885 elementor-widget elementor-widget-image\" data-id=\"1662885\" data-element_type=\"widget\" data-widget_type=\"image.default\">\n\t\t\t\t<div class=\"elementor-widget-container\">\n\t\t\t\t\t\t\t\t\t\t\t\t\t\t\t<img fetchpriority=\"high\" decoding=\"async\" width=\"720\" height=\"720\" src=\"https:\/\/willyswimteam.com\/wp-content\/uploads\/2025\/10\/csalad.jpg\" class=\"attachment-large size-large wp-image-1853\" alt=\"\" srcset=\"https:\/\/willyswimteam.com\/wp-content\/uploads\/2025\/10\/csalad.jpg 720w, https:\/\/willyswimteam.com\/wp-content\/uploads\/2025\/10\/csalad-300x300.jpg 300w, https:\/\/willyswimteam.com\/wp-content\/uploads\/2025\/10\/csalad-150x150.jpg 150w, https:\/\/willyswimteam.com\/wp-content\/uploads\/2025\/10\/csalad-12x12.jpg 12w, https:\/\/willyswimteam.com\/wp-content\/uploads\/2025\/10\/csalad-600x600.jpg 600w, https:\/\/willyswimteam.com\/wp-content\/uploads\/2025\/10\/csalad-100x100.jpg 100w\" sizes=\"(max-width: 720px) 100vw, 720px\" \/>\t\t\t\t\t\t\t\t\t\t\t\t\t\t\t<\/div>\n\t\t\t\t<\/div>\n\t\t\t\t\t<\/div>\n\t\t\t\t<\/div>\n\t\t<div class=\"elementor-element elementor-element-6590a76 e-flex e-con-boxed e-con e-parent\" data-id=\"6590a76\" data-element_type=\"container\">\n\t\t\t\t\t<div class=\"e-con-inner\">\n\t\t\t\t<div class=\"elementor-element elementor-element-0bebd71 elementor-widget elementor-widget-text-editor\" data-id=\"0bebd71\" data-element_type=\"widget\" data-widget_type=\"text-editor.default\">\n\t\t\t\t<div class=\"elementor-widget-container\">\n\t\t\t\t\t\t\t\t\t<p>A csal\u00e1d az a hely, ahol a l\u00e9lek nyugotan fell\u00e9legezhet.&nbsp;<\/p>\n<p>Ahol nem kell \u00e1larcot vizeln\u00fcnk, nem kell megfeleln\u00fcnk m\u00e1sok elv\u00e1r\u00e1sainak ahhoz, hogy szeressenek.<\/p>\n<p>Itt hib\u00e1zni is szabad, mert a hib\u00e1inkb\u00f3l tanulhatunk \u00e9s megis elfogadnak benn\u00fcnket.<\/p>\n<p>A csal\u00e1d a biztons\u00e1g a szeretet \u00e9s az \u0151szinte kapcsol\u00f3d\u00e1s otthona-egy olyan k\u00f6tel\u00e9k, ahol b\u00e1tran \u00f6nmagunk lehet\u00fcnk.<\/p>\n<p>Ahol nem kell \u00e1larcot vizeln\u00fcnk, mert mindig v\u00e1r r\u00e1nk a melegs\u00e9g a meg\u00e9rt\u00e9s \u00e9s az elfogad\u00e1s.<\/p>\n<p>Ez nem arr\u00f3l sz\u00f3l, hogy minden t\u00f6k\u00e9letes, nem, lehet vitetkozni...<\/p>\n<p>Ez arr\u00f3l sz\u00f3l, hogy IGAZ!&nbsp;<\/p><p>Nem \u00e1rny\u00e9kolja be semmilyen ki nem mondott sz\u00f3, \u00e9rz\u00e9s vagy m\u00faltbeli \u00e9lm\u00e9ny, egy harmadik f\u00e9l jelenl\u00e9te nem v\u00e1ltoztat a k\u00f6tel\u00e9ken.<\/p>\t\t\t\t\t\t\t\t<\/div>\n\t\t\t\t<\/div>\n\t\t\t\t\t<\/div>\n\t\t\t\t<\/div>\n\t\t\t\t<\/div>","protected":false},"excerpt":{"rendered":"<p>Amikor az \u00e9let \u00e1t\u00edrja a terveidet A csal\u00e1d az a hely, ahol a l\u00e9lek nyugotan fell\u00e9legezhet.&nbsp; Ahol nem kell \u00e1larcot viseln\u00fcnk, nem kell megfeleln\u00fcnk m\u00e1sok elv\u00e1r\u00e1sainak ahhoz, hogy szeressenek. Itt hib\u00e1zni is szabad, mert&nbsp; a hib\u00e1inkb\u00f3l tanulhatunk \u00e9s megis elfogadnak benn\u00fcnket. A csal\u00e1d a biztons\u00e1g a szeretet \u00e9s az \u0151szinte kapcsol\u00f3d\u00e1s otthona-egy olyan k\u00f6tel\u00e9k, ahol [&hellip;]<\/p>","protected":false},"author":2,"featured_media":0,"parent":0,"menu_order":0,"comment_status":"closed","ping_status":"closed","template":"","meta":{"site-sidebar-layout":"no-sidebar","site-content-layout":"page-builder","ast-site-content-layout":"full-width-container","site-content-style":"unboxed","site-sidebar-style":"unboxed","ast-global-header-display":"","ast-banner-title-visibility":"","ast-main-header-display":"","ast-hfb-above-header-display":"","ast-hfb-below-header-display":"","ast-hfb-mobile-header-display":"","site-post-title":"disabled","ast-breadcrumbs-content":"disabled","ast-featured-img":"disabled","footer-sml-layout":"disabled","theme-transparent-header-meta":"enabled","adv-header-id-meta":"","stick-header-meta":"","header-above-stick-meta":"","header-main-stick-meta":"","header-below-stick-meta":"","astra-migrate-meta-layouts":"set","ast-page-background-enabled":"default","ast-page-background-meta":{"desktop":{"background-color":"","background-image":"","background-repeat":"repeat","background-position":"center center","background-size":"auto","background-attachment":"scroll","background-type":"","background-media":"","overlay-type":"","overlay-color":"","overlay-opacity":"","overlay-gradient":""},"tablet":{"background-color":"","background-image":"","background-repeat":"repeat","background-position":"center center","background-size":"auto","background-attachment":"scroll","background-type":"","background-media":"","overlay-type":"","overlay-color":"","overlay-opacity":"","overlay-gradient":""},"mobile":{"background-color":"","background-image":"","background-repeat":"repeat","background-position":"center center","background-size":"auto","background-attachment":"scroll","background-type":"","background-media":"","overlay-type":"","overlay-color":"","overlay-opacity":"","overlay-gradient":""}},"ast-content-background-meta":{"desktop":{"background-color":"var(--ast-global-color-5)","background-image":"","background-repeat":"repeat","background-position":"center center","background-size":"auto","background-attachment":"scroll","background-type":"","background-media":"","overlay-type":"","overlay-color":"","overlay-opacity":"","overlay-gradient":""},"tablet":{"background-color":"var(--ast-global-color-5)","background-image":"","background-repeat":"repeat","background-position":"center center","background-size":"auto","background-attachment":"scroll","background-type":"","background-media":"","overlay-type":"","overlay-color":"","overlay-opacity":"","overlay-gradient":""},"mobile":{"background-color":"var(--ast-global-color-5)","background-image":"","background-repeat":"repeat","background-position":"center center","background-size":"auto","background-attachment":"scroll","background-type":"","background-media":"","overlay-type":"","overlay-color":"","overlay-opacity":"","overlay-gradient":""}},"footnotes":""},"class_list":["post-8","page","type-page","status-publish","hentry"],"yoast_head":"<!-- This site is optimized with the Yoast SEO Premium plugin v26.2 (Yoast SEO v26.3) - https:\/\/yoast.com\/wordpress\/plugins\/seo\/ -->\n<title>Kezd\u0151lap - Pyrography<\/title>\n<meta name=\"robots\" content=\"index, follow, max-snippet:-1, max-image-preview:large, max-video-preview:-1\" \/>\n<link rel=\"canonical\" href=\"https:\/\/willyswimteam.com\/hu\/\" \/>\n<meta property=\"og:locale\" content=\"hu_HU\" \/>\n<meta property=\"og:type\" content=\"article\" \/>\n<meta property=\"og:title\" content=\"Kezd\u0151lap\" \/>\n<meta property=\"og:description\" content=\"Amikor az \u00e9let \u00e1t\u00edrja a terveidet A csal\u00e1d az a hely, ahol a l\u00e9lek nyugotan fell\u00e9legezhet.&nbsp; Ahol nem kell \u00e1larcot viseln\u00fcnk, nem kell megfeleln\u00fcnk m\u00e1sok elv\u00e1r\u00e1sainak ahhoz, hogy szeressenek. Itt hib\u00e1zni is szabad, mert&nbsp; a hib\u00e1inkb\u00f3l tanulhatunk \u00e9s megis elfogadnak benn\u00fcnket. A csal\u00e1d a biztons\u00e1g a szeretet \u00e9s az \u0151szinte kapcsol\u00f3d\u00e1s otthona-egy olyan k\u00f6tel\u00e9k, ahol [&hellip;]\" \/>\n<meta property=\"og:url\" content=\"https:\/\/willyswimteam.com\/hu\/\" \/>\n<meta property=\"og:site_name\" content=\"Pyrography\" \/>\n<meta property=\"article:modified_time\" content=\"2025-10-19T11:14:17+00:00\" \/>\n<meta property=\"og:image\" content=\"https:\/\/willyswimteam.com\/wp-content\/uploads\/2025\/10\/csalad.jpg\" \/>\n\t<meta property=\"og:image:width\" content=\"720\" \/>\n\t<meta property=\"og:image:height\" content=\"720\" \/>\n\t<meta property=\"og:image:type\" content=\"image\/jpeg\" \/>\n<meta name=\"twitter:card\" content=\"summary_large_image\" \/>\n<meta name=\"twitter:label1\" content=\"Becs\u00fclt olvas\u00e1si id\u0151\" \/>\n\t<meta name=\"twitter:data1\" content=\"8 perc\" \/>\n<script type=\"application\/ld+json\" class=\"yoast-schema-graph\">{\"@context\":\"https:\/\/schema.org\",\"@graph\":[{\"@type\":\"WebPage\",\"@id\":\"https:\/\/willyswimteam.com\/\",\"url\":\"https:\/\/willyswimteam.com\/\",\"name\":\"Kezd\u0151lap - Pyrography\",\"isPartOf\":{\"@id\":\"https:\/\/willyswimteam.com\/#website\"},\"primaryImageOfPage\":{\"@id\":\"https:\/\/willyswimteam.com\/#primaryimage\"},\"image\":{\"@id\":\"https:\/\/willyswimteam.com\/#primaryimage\"},\"thumbnailUrl\":\"https:\/\/willyswimteam.com\/wp-content\/uploads\/2025\/10\/csalad.jpg\",\"datePublished\":\"2025-03-24T13:42:56+00:00\",\"dateModified\":\"2025-10-19T11:14:17+00:00\",\"breadcrumb\":{\"@id\":\"https:\/\/willyswimteam.com\/#breadcrumb\"},\"inLanguage\":\"hu\",\"potentialAction\":[{\"@type\":\"ReadAction\",\"target\":[\"https:\/\/willyswimteam.com\/\"]}]},{\"@type\":\"ImageObject\",\"inLanguage\":\"hu\",\"@id\":\"https:\/\/willyswimteam.com\/#primaryimage\",\"url\":\"https:\/\/willyswimteam.com\/wp-content\/uploads\/2025\/10\/csalad.jpg\",\"contentUrl\":\"https:\/\/willyswimteam.com\/wp-content\/uploads\/2025\/10\/csalad.jpg\"},{\"@type\":\"BreadcrumbList\",\"@id\":\"https:\/\/willyswimteam.com\/#breadcrumb\",\"itemListElement\":[{\"@type\":\"ListItem\",\"position\":1,\"name\":\"Kezd\u0151lap\",\"item\":\"https:\/\/willyswimteam.com\/\"},{\"@type\":\"ListItem\",\"position\":2,\"name\":\"Kezd\u0151lap\"}]},{\"@type\":\"WebSite\",\"@id\":\"https:\/\/willyswimteam.com\/#website\",\"url\":\"https:\/\/willyswimteam.com\/\",\"name\":\"Pyrography\",\"description\":\"K\u00e9zzel \u00e9getett k\u00e9pek, ahol a t\u0171z form\u00e1t ad az egyedis\u00e9gnek.\",\"potentialAction\":[{\"@type\":\"SearchAction\",\"target\":{\"@type\":\"EntryPoint\",\"urlTemplate\":\"https:\/\/willyswimteam.com\/?s={search_term_string}\"},\"query-input\":{\"@type\":\"PropertyValueSpecification\",\"valueRequired\":true,\"valueName\":\"search_term_string\"}}],\"inLanguage\":\"hu\"}]}<\/script>\n<!-- \/ Yoast SEO Premium plugin. -->","yoast_head_json":{"title":"Kezd\u0151lap - pirogr\u00e1fia","robots":{"index":"index","follow":"follow","max-snippet":"max-snippet:-1","max-image-preview":"max-image-preview:large","max-video-preview":"max-video-preview:-1"},"canonical":"https:\/\/willyswimteam.com\/hu\/","og_locale":"hu_HU","og_type":"article","og_title":"Kezd\u0151lap","og_description":"Amikor az \u00e9let \u00e1t\u00edrja a terveidet A csal\u00e1d az a hely, ahol a l\u00e9lek nyugotan fell\u00e9legezhet.&nbsp; Ahol nem kell \u00e1larcot viseln\u00fcnk, nem kell megfeleln\u00fcnk m\u00e1sok elv\u00e1r\u00e1sainak ahhoz, hogy szeressenek. Itt hib\u00e1zni is szabad, mert&nbsp; a hib\u00e1inkb\u00f3l tanulhatunk \u00e9s megis elfogadnak benn\u00fcnket. A csal\u00e1d a biztons\u00e1g a szeretet \u00e9s az \u0151szinte kapcsol\u00f3d\u00e1s otthona-egy olyan k\u00f6tel\u00e9k, ahol [&hellip;]","og_url":"https:\/\/willyswimteam.com\/hu\/","og_site_name":"Pyrography","article_modified_time":"2025-10-19T11:14:17+00:00","og_image":[{"width":720,"height":720,"url":"https:\/\/willyswimteam.com\/wp-content\/uploads\/2025\/10\/csalad.jpg","type":"image\/jpeg"}],"twitter_card":"summary_large_image","twitter_misc":{"Becs\u00fclt olvas\u00e1si id\u0151":"8 perc"},"schema":{"@context":"https:\/\/schema.org","@graph":[{"@type":"WebPage","@id":"https:\/\/willyswimteam.com\/","url":"https:\/\/willyswimteam.com\/","name":"Kezd\u0151lap - pirogr\u00e1fia","isPartOf":{"@id":"https:\/\/willyswimteam.com\/#website"},"primaryImageOfPage":{"@id":"https:\/\/willyswimteam.com\/#primaryimage"},"image":{"@id":"https:\/\/willyswimteam.com\/#primaryimage"},"thumbnailUrl":"https:\/\/willyswimteam.com\/wp-content\/uploads\/2025\/10\/csalad.jpg","datePublished":"2025-03-24T13:42:56+00:00","dateModified":"2025-10-19T11:14:17+00:00","breadcrumb":{"@id":"https:\/\/willyswimteam.com\/#breadcrumb"},"inLanguage":"hu","potentialAction":[{"@type":"ReadAction","target":["https:\/\/willyswimteam.com\/"]}]},{"@type":"ImageObject","inLanguage":"hu","@id":"https:\/\/willyswimteam.com\/#primaryimage","url":"https:\/\/willyswimteam.com\/wp-content\/uploads\/2025\/10\/csalad.jpg","contentUrl":"https:\/\/willyswimteam.com\/wp-content\/uploads\/2025\/10\/csalad.jpg"},{"@type":"BreadcrumbList","@id":"https:\/\/willyswimteam.com\/#breadcrumb","itemListElement":[{"@type":"ListItem","position":1,"name":"Kezd\u0151lap","item":"https:\/\/willyswimteam.com\/"},{"@type":"ListItem","position":2,"name":"Kezd\u0151lap"}]},{"@type":"WebSite","@id":"https:\/\/willyswimteam.com\/#website","url":"https:\/\/willyswimteam.com\/","name":"Pirogr\u00e1fia","description":"K\u00e9zzel \u00e9getett k\u00e9pek, ahol a t\u0171z form\u00e1t ad az egyedis\u00e9gnek.","potentialAction":[{"@type":"SearchAction","target":{"@type":"EntryPoint","urlTemplate":"https:\/\/willyswimteam.com\/?s={search_term_string}"},"query-input":{"@type":"PropertyValueSpecification","valueRequired":true,"valueName":"search_term_string"}}],"inLanguage":"hu"}]}},"_links":{"self":[{"href":"https:\/\/willyswimteam.com\/hu\/wp-json\/wp\/v2\/pages\/8","targetHints":{"allow":["GET"]}}],"collection":[{"href":"https:\/\/willyswimteam.com\/hu\/wp-json\/wp\/v2\/pages"}],"about":[{"href":"https:\/\/willyswimteam.com\/hu\/wp-json\/wp\/v2\/types\/page"}],"author":[{"embeddable":true,"href":"https:\/\/willyswimteam.com\/hu\/wp-json\/wp\/v2\/users\/2"}],"replies":[{"embeddable":true,"href":"https:\/\/willyswimteam.com\/hu\/wp-json\/wp\/v2\/comments?post=8"}],"version-history":[{"count":67,"href":"https:\/\/willyswimteam.com\/hu\/wp-json\/wp\/v2\/pages\/8\/revisions"}],"predecessor-version":[{"id":1868,"href":"https:\/\/willyswimteam.com\/hu\/wp-json\/wp\/v2\/pages\/8\/revisions\/1868"}],"wp:attachment":[{"href":"https:\/\/willyswimteam.com\/hu\/wp-json\/wp\/v2\/media?parent=8"}],"curies":[{"name":"wp","href":"https:\/\/api.w.org\/{rel}","templated":true}]}}